{"id":479,"date":"2020-06-15T16:20:46","date_gmt":"2020-06-15T15:20:46","guid":{"rendered":"http:\/\/integrale-szene.de\/wordpress\/?page_id=479"},"modified":"2020-06-15T16:20:46","modified_gmt":"2020-06-15T15:20:46","slug":"datenschutzerklaerung","status":"publish","type":"page","link":"http:\/\/integrale-szene.de\/wordpress\/datenschutzerklaerung\/","title":{"rendered":"Datenschutzerkl\u00e4rung"},"content":{"rendered":"<p>Datenschutzerkl\u00e4rung<\/p>\n<p>Vorab Informationen<br \/>\nDie Nutzung dieser Webseite ist ohne Angabe personenbezogener Daten m\u00f6glich. Wenn auf unseren Seiten personenbezogene Daten (beispielsweise Name, Anschrift oder eMail-Adressen wie \u00fcber die Kontakt Formulare) erhoben werden, erfolgt dies stets auf freiwilliger Basis. Diese personenbezogenen Daten werden nur f\u00fcr interne Zwecke (Angebote) und ohne Ihre ausdr\u00fcckliche Zustimmung nie an Dritte weitergegeben.<\/p>\n<p>HINWEIS!<br \/>\nDie Daten\u00fcbertragung im Internet kann Sicherheitsl\u00fccken aufweisen. Zudem ist ein l\u00fcckenloser Schutz der Daten vor dem Zugriff durch Dritte ist nicht m\u00f6glich. (z.B. bei der Kommunikation per E-Mail)<\/p>\n<p>Der Nutzung von im Rahmen der Impressumspflicht ver\u00f6ffentlichten Kontaktdaten durch Dritte zur \u00dcbersendung von nicht ausdr\u00fccklich angeforderter Werbung und Informationsmaterialien wird hiermit ausdr\u00fccklich widersprochen. Die Betreiber der Seiten behalten sich ausdr\u00fccklich rechtliche Schritte im Falle der unverlangten Zusendung von Werbeinformationen, etwa durch Spam-Mails, vor.<\/p>\n<p>Geltungsbereich<br \/>\nDiese Datenschutzerkl\u00e4rung soll die Nutzer dieser Website gem\u00e4\u00df Bundesdatenschutzgesetz und Telemediengesetz \u00fcber die Art, den Umfang und den Zweck der Erhebung und Verwendung personenbezogener Daten durch den Websitebetreiber [Ihre Kontaktdaten einf\u00fcgen] informieren.<br \/>\nDer Websitebetreiber nimmt Ihren Datenschutz sehr ernst und behandelt Ihre personenbezogenen Daten vertraulich und entsprechend der gesetzlichen Vorschriften.<\/p>\n<p>Bedenken Sie, dass die Daten\u00fcbertragung im Internet grunds\u00e4tzlich mit Sicherheitsl\u00fccken bedacht sein kann. Ein vollumf\u00e4nglicher Schutz vor dem Zugriff durch Fremde ist nicht realisierbar.<\/p>\n<p>Zugriffsdaten<br \/>\nDer Websitebetreiber bzw. Seitenprovider erhebt Daten \u00fcber Zugriffe auf die Seite und speichert diese als \u201eServer-Logfiles\u201c ab. Folgende Daten werden so protokolliert:<br \/>\n\u2013 Besuchte Website<br \/>\n\u2013 Uhrzeit zum Zeitpunkt des Zugriffes<br \/>\n\u2013 Menge der gesendeten Daten in Byte<br \/>\n\u2013 Quelle\/Verweis, von welchem Sie auf die Seite gelangten<br \/>\n\u2013 Verwendeter Browser<br \/>\n\u2013 Verwendetes Betriebssystem<br \/>\n\u2013 Verwendete IP-Adresse<\/p>\n<p>Die erhobenen Daten dienen lediglich statistischen Auswertungen und zur Verbesserung der Website. Der Websitebetreiber beh\u00e4lt sich allerdings vor, die Server-Logfiles nachtr\u00e4glich zu \u00fcberpr\u00fcfen, sollten konkrete Anhaltspunkte auf eine rechtswidrige Nutzung hinweisen.<\/p>\n<p>Cookies<br \/>\nDiese Website verwendet Cookies. Dabei handelt es sich um kleine Textdateien, welche auf Ihrem Endger\u00e4t gespeichert werden. Ihr Browser greift auf diese Dateien zu. Durch den Einsatz von Cookies erh\u00f6ht sich die Benutzerfreundlichkeit und Sicherheit dieser Website.<\/p>\n<p>G\u00e4ngige Browser bieten die Einstellungsoption, Cookies nicht zuzulassen. Hinweis: Es ist nicht gew\u00e4hrleistet, dass Sie auf alle Funktionen dieser Website ohne Einschr\u00e4nkungen zugreifen k\u00f6nnen, wenn Sie entsprechende Einstellungen vornehmen.<\/p>\n<p>Umgang mit personenbezogenen Daten<br \/>\nDer Websitebetreiber erhebt, nutzt und gibt Ihre personenbezogenen Daten nur dann weiter, wenn dies im gesetzlichen Rahmen erlaubt ist oder Sie in die Datenerhebung einwilligen.Als personenbezogene Daten gelten s\u00e4mtliche Inf ormationen, welche dazu dienen, Ihre Person zu bestimmen und welche zu Ihnen zur\u00fcckverfolgt werden k\u00f6nnen \u2013 also beispielsweise Ihr Name, Ihre E-Mail-Adresse und Telefonnummer.<\/p>\n<p>Umgang mit Kontaktdaten<br \/>\nNehmen Sie mit dem Websitebetreiber durch die angebotenen Kontaktm\u00f6glichkeiten Verbindung auf, werden Ihre Angaben gespeichert, damit auf diese zur Bearbeitung und Beantwortung Ihrer Anfrage zur\u00fcckgegriffen werden kann. Ohne Ihre Einwilligung werden diese Daten nicht an Dritte weitergegeben.<\/p>\n<p>Umgang mit Kommentaren und Beitr\u00e4gen<br \/>\nHinterlassen Sie auf dieser Website einen Beitrag oder Kommentar, wird Ihre IP-Adresse gespeichert. Dies dient der Sicherheit des Websitebetreibers: Verst\u00f6\u00dft Ihr Text gegen das Recht, m\u00f6chte er Ihre Identit\u00e4t nachverfolgen k\u00f6nnen.<\/p>\n<p>Abonnements<br \/>\nSie haben die M\u00f6glichkeit, sowohl die gesamte Website als auch Nachfolgekommentare auf Ihren Beitrag zu abonnieren. Sie erhalten eine E-Mail zur Best\u00e4tigung Ihrer E-Mail-Adresse. Neben dieser werden keine weiteren Daten erhoben. Die gespeicherten Daten werden nicht an Dritte weitergereicht. Sie k\u00f6nnen ein Abonnement jederzeit abbestellen.<\/p>\n<p>Datenschutzerkl\u00e4rung f\u00fcr die Nutzung von Google Analytics<\/p>\n<p>HINWEIS! Google ist unter dem Privacy-Shield-Abkommen zertifiziert und bietet hierdurch eine Garantie, das europ\u00e4ische Datenschutzrecht einzuhalten https:\/\/www.privacyshield.gov\/participant?id=a2zt000000001L5AAI&amp;status=Active.<\/p>\n<p>integrale-szene nutzt Google Analytics, einen Analyse Dienst der Google Inc. (\u201eGoogle\u201c). Google Analytics verwendet ebenso sogenannte \u201eCookies\u201c,( Textdateien), die auf Ihrem Computer gespeichert werden. Damit wird eine Analyse der Benutzung der Website erm\u00f6glicht. Die \u00fcber den Cookie generierten Surf-Informationen (\u00fcber Ihre Benutzung von integrale-szene) werden an die Server von Google in den USA \u00fcbertragen und dort abgespeichert. Im Auftrag des Betreibers von integrale-szene wird Google diese Informationen benutzen, um die Nutzung der Website auszuwerten, um statistische Auswertungen \u00fcber die Website Aktivit\u00e4ten zu ermitteln. Die im Rahmen von Google Analytics von Ihrem Browser \u00fcbermittelte IP-Adresse wird nicht mit anderen Daten von Google zusammengef\u00fchrt.<\/p>\n<p>WICHTIG!<br \/>\nWenn sie als Besucher dieser Seite das generell nicht w\u00fcnschen, so k\u00f6nnen sie die Speicherung der Cookies durch die entsprechende Einstellung Ihrer Browser-Software (Firefox, Chrome, Safari, Internet Explorer und weitere) verhindern. Allerdings mu\u00df Ihnen klar sein, da\u00df Sie in diesem Fall nicht s\u00e4mtliche Funktionen von integrale-szene werden nutzen k\u00f6nnen. Au\u00dferdem k\u00f6nnen sie die Erfassung der durch das Cookie erzeugten (&amp; auf die Nutzung der Website bezogenen Daten (inkl. Ihrer IP-Adresse)) an Google sowie die Verarbeitung dieser Daten durch Google verhindern, indem sie unter dem folgenden Link das verf\u00fcgbare Browser-Plugin herunterladen und installieren: http:\/\/tools.google.com\/dlpage\/gaoptout?hl=de.<\/p>\n<p>Hier finden sie weitere Informationen zur Cookie-Nutzung durch Google: https:\/\/www.google.com\/policies\/technologies\/cookies\/<\/p>\n<p>Wir binden die Schriftarten (\u201cGoogle Fonts\u201d) des Anbieters Google LLC, 1600 Amphitheatre Parkway, Mountain View, CA 94043, USA, ein. Datenschutzerkl\u00e4rung: https:\/\/www.google.com\/policies\/privacy\/, Opt-Out: https:\/\/adssettings.google.com\/authenticated.<\/p>\n<p>Was k\u00f6nnen Sie tun?<br \/>\nF\u00fcr Desktop-Ger\u00e4te gilt: Die von dem Browser des Nutzers \u00fcbermittelte IP-Adresse wird nicht mit anderen Daten von Google zusammengef\u00fchrt. Aber Sie als Nutzer k\u00f6nnen die Speicherung der Cookies durch eine entsprechende Einstellung ihrer Browser-Software (Firefox, Chrome, Safari, Edge, etc.) verhindern; Sie k\u00f6nnen dar\u00fcber hinaus die Erfassung der durch das Cookie erzeugten und auf ihre Nutzung des Onlineangebotes bezogenen Daten an Google sowie die Verarbeitung dieser Daten durch Google verhindern, indem sie das unter folgendem Link verf\u00fcgbare Browser-Plugin herunterladen und installieren: https:\/\/tools.google.com\/dlpage\/gaoptout?hl=de.<br \/>\nF\u00fcr Mobil-Ger\u00e4te gilt: klicken Sie bitte diesen Link, um die Erfassung durch Google Analytics innerhalb unserer Website zuk\u00fcnftig zu verhindern (ABER: das Opt Out funktioniert dann nur in diesem Browser und nur f\u00fcr unsere Domain). Dabei wird ein sogenanntes \u201cOpt-Out-Cookie\u201d auf Ihrem Ger\u00e4t hinterlegt und bleibt solange aktiv, bis Sie Ihre Cookies l\u00f6schen.<\/p>\n<p>Datenschutzerkl\u00e4rung f\u00fcr die Nutzung von Facebook-Plugins (Like-Button)Auf unseren Seiten sind Plugins des sozialen Netzwerks Facebook (Facebook Inc., 1601 Willow Road, Menlo Park, California, 94025, USA) integriert. Die Facebook-Plugins erkennen Sie an dem Facebook-Logo oder dem \u201eLike-Button\u201c (\u201eGef\u00e4llt mir\u201c) auf unserer Seite. Eine \u00dcbersicht \u00fcber die Facebook-Plugins finden Sie hier: http:\/\/developers.facebook.com\/docs\/plugins\/.<\/p>\n<p>TECHNIK<br \/>\nWenn Sie integrale-szene besuchen, wird \u00fcber das Facebook Plugin eine direkte Verbindung zwischen Ihrem Browser und dem Facebook-Server hergestellt. Facebook erh\u00e4lt dadurch die Information, da\u00df Sie mit Ihrer IP-Adresse unsere Seite besucht haben. Wenn Sie den Facebook \u201eLike-Button\u201c anklicken, w\u00e4hrend Sie in Ihrem Facebook-Account eingeloggt sind, k\u00f6nnen Sie die Inhalte unserer Seiten auf Ihrem Facebook-Profil verlinken (social sharing). Somit kann Facebook den Besuch unserer Seiten Ihrem Benutzerkonto zuordnen. Wir weisen darauf hin, dass wir als Anbieter der Seiten keine Kenntnis vom Inhalt der \u00fcbermittelten Daten sowie deren Nutzung durch Facebook erhalten. Weitere Informationen hierzu finden Sie in der Datenschutzerkl\u00e4rung von facebook unter http:\/\/de-de.facebook.com\/policy.php<\/p>\n<p>WIE K\u00d6NNEN SIE DEM VORBEUGEN?<br \/>\nWenn Sie es nicht w\u00fcnschen, da\u00df Facebook den Besuch auf integrale-szene ihrem Facebook-Nutzerkonto zuordnen kann, loggen Sie sich bitte aus Ihrem Facebook-Account aus.<\/p>\n<p>Datenschutzerkl\u00e4rung f\u00fcr die Nutzung von Twitter<\/p>\n<p>Auf integrale-szene ist eine Funktion des Social Sharing Dienstes Twitter eingebunden. Diese technischen Funktionen werden durch die Twitter Inc., Twitter, Inc. 1355 Market St, Suite 900, San Francisco, CA 94103, USA angeboten. Wenn Sie hier Twitter mit der Funktion \u201eRe-Tweet\u201c benutzen, werden die von Ihnen besuchten websites mit ihrem Twitter-Account connected und dadurch anderen Nutzern eventuell angezeigt. Hierbei werden auch dann Daten an Twitter \u00fcbertragen.<\/p>\n<p>Ich weise darauf hin, dass ich als Betreiber von integrale-szene keine Kenntnis vom Inhalt der \u00fcbermittelten Daten sowie deren Nutzung durch Twitter erhalte. Mehr Details und weiter f\u00fchrende Informationen finden sie in der Datenschutzerkl\u00e4rung von Twitter unter http:\/\/twitter.com\/privacy.<\/p>\n<p>HINWEIS!<br \/>\nIhre pers\u00f6nlichen Datenschutzeinstellungen k\u00f6nnen Sie bei Twitter in den Konto-Einstellungen unter http:\/\/twitter.com\/account\/settings jederzeit \u00e4ndern.<\/p>\n<p>Newsletter-Abonnement<br \/>\nDer Websitebetreiber bietet Ihnen einen Newsletter an, in welchem er Sie \u00fcber aktuelle Geschehnisse und Angebote informiert. M\u00f6chten Sie den Newsletter abonnieren, m\u00fcssen Sie eine valide E-Mail-Adresse angeben.<\/p>\n<p>Rechte des Nutzers: Auskunft, Berichtigung und L\u00f6schung<br \/>\nSie als Nutzer erhalten auf Antrag Ihrerseits kostenlose Auskunft dar\u00fcber, welche personenbezogenen Daten \u00fcber Sie gespeichert wurden. Sofern Ihr Wunsch nicht mit einer gesetzlichen Pflicht zur Aufbewahrung von Daten (z. B. Vorratsdatenspeicherung) kollidiert, haben Sie ein Anrecht auf Berichtigung falscher Daten und auf die Sperrung oder L\u00f6schung Ihrer personenbezogenen Daten.<\/p>\n<p>Datenschutzerkl\u00e4rung erstellt unter Zuhilfenahme von datenschutz.org<\/p>\n","protected":false},"excerpt":{"rendered":"<p>Datenschutzerkl\u00e4rung Vorab Informationen Die Nutzung dieser Webseite ist ohne Angabe personenbezogener Daten m\u00f6glich. Wenn auf unseren Seiten personenbezogene Daten (beispielsweise Name, Anschrift oder eMail-Adressen wie \u00fcber die Kontakt Formulare) erhoben werden, erfolgt dies stets auf freiwilliger Basis. Diese personenbezogenen Daten werden nur f\u00fcr interne Zwecke (Angebote) und ohne Ihre ausdr\u00fcckliche Zustimmung nie an Dritte weitergegeben. [&hellip;]<\/p>\n","protected":false},"author":4,"featured_media":0,"parent":0,"menu_order":0,"comment_status":"closed","ping_status":"closed","template":"","meta":[],"_links":{"self":[{"href":"http:\/\/integrale-szene.de\/wordpress\/wp-json\/wp\/v2\/pages\/479"}],"collection":[{"href":"http:\/\/integrale-szene.de\/wordpress\/wp-json\/wp\/v2\/pages"}],"about":[{"href":"http:\/\/integrale-szene.de\/wordpress\/wp-json\/wp\/v2\/types\/page"}],"author":[{"embeddable":true,"href":"http:\/\/integrale-szene.de\/wordpress\/wp-json\/wp\/v2\/users\/4"}],"replies":[{"embeddable":true,"href":"http:\/\/integrale-szene.de\/wordpress\/wp-json\/wp\/v2\/comments?post=479"}],"version-history":[{"count":2,"href":"http:\/\/integrale-szene.de\/wordpress\/wp-json\/wp\/v2\/pages\/479\/revisions"}],"predecessor-version":[{"id":481,"href":"http:\/\/integrale-szene.de\/wordpress\/wp-json\/wp\/v2\/pages\/479\/revisions\/481"}],"wp:attachment":[{"href":"http:\/\/integrale-szene.de\/wordpress\/wp-json\/wp\/v2\/media?parent=479"}],"curies":[{"name":"wp","href":"https:\/\/api.w.org\/{rel}","templated":true}]}}